{"id":934,"date":"2018-06-13T09:20:55","date_gmt":"2018-06-13T09:20:55","guid":{"rendered":"https:\/\/eteacherlegal.wpengine.com\/legal\/terms\/course-with-trial\/"},"modified":"2022-07-27T11:32:27","modified_gmt":"2022-07-27T11:32:27","slug":"course-with-trial","status":"publish","type":"page","link":"https:\/\/legal.eteachergroup.com\/fr\/legal\/terms\/course-with-trial\/","title":{"rendered":"Modalit\u00e9s et conditions  &#8211; eTeacher"},"content":{"rendered":"<h1>Modalit\u00e9s et conditions &#8211; eTeacher<\/h1>\n<p><strong>Remboursements suite \u00e0 annulation<\/strong><strong>\u00a0<\/strong><strong>:<\/strong><\/p>\n<p>Votre satisfaction est primordiale\u00a0! Si vous rencontrez des probl\u00e8mes avec votre cours, veuillez contacter notre service client, qui se chargera de vous venir en aide.<\/p>\n<p>Si vous avez d\u00e9cid\u00e9 d\u2019annuler votre participation, veuillez garder \u00e0 l&rsquo;esprit que les salles de classe virtuelles, comme toutes les salles de classe, ont une capacit\u00e9 d\u2019accueil limit\u00e9e. Nos cours sont tr\u00e8s demand\u00e9s et les annulations tardives emp\u00eachent d&rsquo;autres \u00e9tudiants d&rsquo;obtenir une place pour le semestre \u00e0 venir.<\/p>\n<p>Veuillez noter que nous offrons un d\u00e9but de programme sans engagement. Si vous souhaitez annuler vos cours, vous avez droit \u00e0 un remboursement partiel comme indiqu\u00e9 ci-dessous\u00a0:<\/p>\n<ul>\n<li><strong>Remboursement \u00e0 100 % (0 % des frais de scolarit\u00e9 dus): <\/strong>jusqu\u2019\u00e0 la troisi\u00e8me le\u00e7on de votre cours.<\/li>\n<li><strong>Remboursement \u00e0 50 % (50 % des frais de scolarit\u00e9 dus): <\/strong>entre la le\u00e7on\u202f3 et la le\u00e7on\u202f4 de votre cours.<\/li>\n<li><strong>Remboursement \u00e0 0 % (100 % des frais de scolarit\u00e9 dus): <\/strong>\u00e0 partir de la le\u00e7on\u202f5 de votre cours.<\/li>\n<\/ul>\n<p>Les remboursements susmentionn\u00e9s sont les seuls accord\u00e9s aux personnes qui annulent leur participation \u00e0 un cours. Si eTeacher d\u00e9cide d&rsquo;annuler un cours (une telle d\u00e9cision est enti\u00e8rement \u00e0 la discr\u00e9tion de la direction), les paiements des inscrits seront int\u00e9gralement rembours\u00e9s.<\/p>\n<p><strong>Reprogrammation et accessibilit\u00e9 aux cours particuliers<\/strong><br \/>\nSi vous souhaitez reprogrammer un cours particulier, veuillez en informer votre instructeur ou le service \u00e0 la client\u00e8le eTeacher (<a href=\"mailto:service@eteachergroup.com\">service@eteachergroup.com<\/a>) 12 heures au moins avant la session pr\u00e9vue. Les le\u00e7ons annul\u00e9es sans pr\u00e9avis seront d\u00e9duites du nombre d&rsquo;heures total imparti \u00e0 l&rsquo;\u00e9tudiant(e).<br \/>\nL&rsquo;ensemble des cours particuliers lie l&rsquo;\u00e9tudiant jusqu&rsquo;\u00e0 une ann\u00e9e \u00e0 compter du jour de la premi\u00e8re le\u00e7on \u00e0 laquelle il\/elle assiste.<\/p>\n<h2>Cours accr\u00e9dit\u00e9s par l&rsquo;Universit\u00e9 h\u00e9bra\u00efque<\/h2>\n<p><strong>Cr\u00e9dits universitaires<\/strong><br \/>\nLa note finale minimale en vue d&rsquo;obtenir un cr\u00e9dit universitaire de la part de l&rsquo;Universit\u00e9 h\u00e9bra\u00efque est de 55. A la fin du semestre, l&rsquo;universit\u00e9 transf\u00e9rera les cr\u00e9dits obtenus aux dipl\u00f4m\u00e9(e)s et leur enverra le relev\u00e9 de notes correspondant au cours.<\/p>\n<p><strong>Conditions requises pour les cours universitaires<\/strong><br \/>\nConform\u00e9ment aux normes acad\u00e9miques g\u00e9n\u00e9rales de l&rsquo;Universit\u00e9 h\u00e9bra\u00efque, les programmes accr\u00e9dit\u00e9s requi\u00e8rent une participation obligatoire, une pr\u00e9sentation de documents et des examens. Il est \u00e9galement exig\u00e9 des \u00e9tudiants qu&rsquo;ils utilisent une cam\u00e9ra Web pendant les cours.<\/p>\n<h2>G\u00e9n\u00e9ralit\u00e9s<\/h2>\n<p><strong>Mat\u00e9riel<\/strong><br \/>\nLe Groupe eTeacher n&rsquo;assume aucune responsabilit\u00e9 en ce qui concerne le mat\u00e9riel de l&rsquo;\u00e9tudiant(e) (par ex. ordinateur, modem et enceintes). En d&rsquo;autres termes, vous \u00eates enti\u00e8rement responsable du bon \u00e9tat de marche de votre mat\u00e9riel personnel et d&rsquo;en assurer les v\u00e9rifications techniques obligatoires.<\/p>\n<p><strong>Responsabilit\u00e9<\/strong><br \/>\nLe Groupe eTeacher d\u00e9clare par la pr\u00e9sente que la responsabilit\u00e9 engag\u00e9e par la compagnie pour une plainte, quelle qu&rsquo;elle soit, exprim\u00e9e par un(e) \u00e9tudiant(e), est limit\u00e9e au montant qu&rsquo;il\/elle a vers\u00e9 pour participer au(x) cours. En outre, le Groupe eTeacher ne peut \u00eatre tenu responsable d&rsquo;aucun dommage, quel qu&rsquo;il soit.<\/p>\n","protected":false},"excerpt":{"rendered":"<p>Modalit\u00e9s et conditions &#8211; eTeacher Remboursements suite \u00e0 annulation\u00a0: Votre satisfaction est primordiale\u00a0! Si vous rencontrez des probl\u00e8mes avec votre cours, veuillez contacter notre service client, qui se chargera de vous venir en aide. Si vous avez d\u00e9cid\u00e9 d\u2019annuler votre participation, veuillez garder \u00e0 l&rsquo;esprit que les salles de classe virtuelles, comme toutes les salles [&hellip;]<\/p>\n","protected":false},"author":20,"featured_media":0,"parent":816,"menu_order":0,"comment_status":"closed","ping_status":"closed","template":"","meta":{"_acf_changed":false,"inline_featured_image":false,"footnotes":""},"class_list":["post-934","page","type-page","status-publish","hentry"],"acf":[],"_links":{"self":[{"href":"https:\/\/legal.eteachergroup.com\/fr\/wp-json\/wp\/v2\/pages\/934","targetHints":{"allow":["GET"]}}],"collection":[{"href":"https:\/\/legal.eteachergroup.com\/fr\/wp-json\/wp\/v2\/pages"}],"about":[{"href":"https:\/\/legal.eteachergroup.com\/fr\/wp-json\/wp\/v2\/types\/page"}],"author":[{"embeddable":true,"href":"https:\/\/legal.eteachergroup.com\/fr\/wp-json\/wp\/v2\/users\/20"}],"replies":[{"embeddable":true,"href":"https:\/\/legal.eteachergroup.com\/fr\/wp-json\/wp\/v2\/comments?post=934"}],"version-history":[{"count":0,"href":"https:\/\/legal.eteachergroup.com\/fr\/wp-json\/wp\/v2\/pages\/934\/revisions"}],"up":[{"embeddable":true,"href":"https:\/\/legal.eteachergroup.com\/fr\/wp-json\/wp\/v2\/pages\/816"}],"wp:attachment":[{"href":"https:\/\/legal.eteachergroup.com\/fr\/wp-json\/wp\/v2\/media?parent=934"}],"curies":[{"name":"wp","href":"https:\/\/api.w.org\/{rel}","templated":true}]}}