{"id":938,"date":"2018-06-13T09:20:55","date_gmt":"2018-06-13T09:20:55","guid":{"rendered":"https:\/\/eteacherlegal.wpengine.com\/legal\/terms\/course-with-trial\/"},"modified":"2022-07-27T11:32:56","modified_gmt":"2022-07-27T11:32:56","slug":"course-with-trial","status":"publish","type":"page","link":"https:\/\/legal.eteachergroup.com\/es\/legal\/terms\/course-with-trial\/","title":{"rendered":"T\u00e9rminos y condiciones  &#8211; eTeacher"},"content":{"rendered":"<h1>T\u00e9rminos y condiciones &#8211; eTeacher<\/h1>\n<p><strong>Reembolsos por cancelaci\u00f3n:<\/strong><\/p>\n<p>Tu satisfacci\u00f3n es muy importante para nosotros. Si tienes alg\u00fan inconveniente con tu curso, por favor ponte en contacto con nuestro equipo de atenci\u00f3n al cliente y haremos todo lo que est\u00e9 a nuestro alcance para resolverlo.<\/p>\n<p>Sin embargo, en caso de que hayas decidido cancelar tu participaci\u00f3n, ten en cuenta que las aulas virtuales \u2014como cualquier otra aula\u2014 tienen una capacidad limitada. La demanda de nuestros cursos es alta y la cancelaci\u00f3n tard\u00eda implica que muchos estudiantes se queden sin espacio para el pr\u00f3ximo semestre.<\/p>\n<p>Recuerda que te brindamos la posibilidad de comenzar sin compromiso. Si despu\u00e9s quieres cancelar las clases podr\u00e1s acceder a un reembolso seg\u00fan el esquema a continuaci\u00f3n:<\/p>\n<ul>\n<li><strong>Reembolso del 100%: <\/strong>hasta la clase #3 del curso asignado.<\/li>\n<li><strong>Reembolso del 50% (50% del total del curso): <\/strong>entre las clases #3 y #4 del curso asignado.<\/li>\n<li><strong>Reembolso del 0% (100% del total del curso): <\/strong>a partir de la lecci\u00f3n #5 del curso asignado.<\/li>\n<\/ul>\n<p>Los reembolsos antes mencionados son los \u00fanicos que otorgaremos a quienes cancelen su participaci\u00f3n en un curso. Por otro lado, si la cancelaci\u00f3n de alg\u00fan curso se da por parte de eTeacher (debido a decisiones internas de la gerencia), <strong>reembolsaremos completamente los pagos de todos los inscritos.<\/strong><\/p>\n<p><strong>Reprogramaci\u00f3n y admisi\u00f3n a clases individuales<\/strong><br \/>\nSi desea reprogramar una clase individual, por favor, comun\u00edquese con su profesor o con el servicio de atenci\u00f3n al cliente de eTeacher (<a href=\"mailto:service@eteachergroup.com\">service@eteachergroup.com<\/a>) por lo menos 12 horas antes de la clase programada. Las clases canceladas sin previa notificaci\u00f3n, ser\u00e1n descontadas del n\u00famero total de horas que le corresponden al alumno.<br \/>\nLos paquetes de clases individuales tienen vigencia hasta un a\u00f1o a partir de la primera clase tomada por el alumno.<\/p>\n<h2>Cursos con puntaje de la Universidad Hebrea<\/h2>\n<p><strong>Puntaje acad\u00e9mico<\/strong><br \/>\nLa nota m\u00ednima para obtener puntaje de la Universidad Hebrea es 55. Al final del semestre, la universidad transfiere el puntaje obtenido a los alumnos graduados y les env\u00eda una copia de la nota del curso.<\/p>\n<p><strong>Requisitos para cursos acad\u00e9micos<\/strong><br \/>\nSeg\u00fan las normas acad\u00e9micas generales de la Universidad Hebrea, los programas con puntaje requieren asistencia obligatoria, entrega de trabajos y ex\u00e1menes. Tambi\u00e9n se requiere que los alumnos utilicen una c\u00e1mara web durante las clases.<\/p>\n<h3>General<\/h3>\n<p><strong>Equipo<\/strong><br \/>\nEl Grupo eTeacher no se responsabiliza por el equipo de los alumnos (ej. ordenador, m\u00f3dem y parlantes). En otras palabras, los alumnos son los \u00fanicos responsables por las condiciones de los equipos personales y por el mantenimiento t\u00e9cnico de los mismos.<\/p>\n<p><strong>Responsabilidad<\/strong><br \/>\nEl Grupo eTeacher declara por este medio que la responsabilidad de la empresa ante cualquier reclamo por parte de un alumno se limita a la suma pagada por el o los cursos. Adem\u00e1s, el Grupo eTeacher, no se responsabiliza legalmente por ning\u00fan da\u00f1o indirecto.<\/p>\n","protected":false},"excerpt":{"rendered":"<p>T\u00e9rminos y condiciones &#8211; eTeacher Reembolsos por cancelaci\u00f3n: Tu satisfacci\u00f3n es muy importante para nosotros. Si tienes alg\u00fan inconveniente con tu curso, por favor ponte en contacto con nuestro equipo de atenci\u00f3n al cliente y haremos todo lo que est\u00e9 a nuestro alcance para resolverlo. Sin embargo, en caso de que hayas decidido cancelar tu [&hellip;]<\/p>\n","protected":false},"author":20,"featured_media":0,"parent":821,"menu_order":0,"comment_status":"closed","ping_status":"closed","template":"","meta":{"_acf_changed":false,"inline_featured_image":false,"footnotes":""},"class_list":["post-938","page","type-page","status-publish","hentry"],"acf":[],"_links":{"self":[{"href":"https:\/\/legal.eteachergroup.com\/es\/wp-json\/wp\/v2\/pages\/938","targetHints":{"allow":["GET"]}}],"collection":[{"href":"https:\/\/legal.eteachergroup.com\/es\/wp-json\/wp\/v2\/pages"}],"about":[{"href":"https:\/\/legal.eteachergroup.com\/es\/wp-json\/wp\/v2\/types\/page"}],"author":[{"embeddable":true,"href":"https:\/\/legal.eteachergroup.com\/es\/wp-json\/wp\/v2\/users\/20"}],"replies":[{"embeddable":true,"href":"https:\/\/legal.eteachergroup.com\/es\/wp-json\/wp\/v2\/comments?post=938"}],"version-history":[{"count":0,"href":"https:\/\/legal.eteachergroup.com\/es\/wp-json\/wp\/v2\/pages\/938\/revisions"}],"up":[{"embeddable":true,"href":"https:\/\/legal.eteachergroup.com\/es\/wp-json\/wp\/v2\/pages\/821"}],"wp:attachment":[{"href":"https:\/\/legal.eteachergroup.com\/es\/wp-json\/wp\/v2\/media?parent=938"}],"curies":[{"name":"wp","href":"https:\/\/api.w.org\/{rel}","templated":true}]}}