{"id":923,"date":"2018-06-13T09:20:26","date_gmt":"2018-06-13T09:20:26","guid":{"rendered":"https:\/\/eteacherlegal.wpengine.com\/legal\/terms\/course-a-sync\/"},"modified":"2018-06-25T05:58:51","modified_gmt":"2018-06-25T05:58:51","slug":"course-a-sync","status":"publish","type":"page","link":"https:\/\/legal.eteachergroup.com\/es\/legal\/terms\/course-a-sync\/","title":{"rendered":"TERMINOS Y CONDICIONES &#8211; eTeacher"},"content":{"rendered":"<h1>TERMINOS Y CONDICIONES &#8211; eTeacher<\/h1>\n<h2>Reembolso por cancelaci\u00f3n<\/h2>\n<p>Los estudiantes que previamente terminan su participaci\u00f3n en un curso, tienen derecho a un reembolso parcial sobre la tarifa total del curso seg\u00fan las siguientes condiciones:<\/p>\n<ul>\n<li>Dentro de las primeras 24 horas desde su inscripci\u00f3n recibir\u00e1n un reembolso total.<\/li>\n<li>Despu\u00e9s de las 24 horas y hasta los 10 d\u00edas desde la registraci\u00f3n, recibir\u00e1n un reembolso del 70% del valor total del curso (En caso de haber pagado menos del 30% del valor total del curso, es nuestra competencia procesar el pago del 30% del mismo).<\/li>\n<li>No habr\u00e1 reembolso para aquellos alumnos que decidan suspender sus clases despu\u00e9s de pasados los 10 d\u00edas desde la registraci\u00f3n\u00a0(O completar el 100% de la matr\u00edcula total).\u200b<\/li>\n<\/ul>\n<p>Los reembolsos antes mencionados son los \u00fanicos que se dar\u00e1n a aquellos que dejen un curso. En caso de que eTeacher decida cancelar un curso (decisi\u00f3n que queda a total discreci\u00f3n de la administraci\u00f3n) los pagos por registraci\u00f3n ser\u00e1n reembolsados en su totalidad.<\/p>\n<h2>General<\/h2>\n<p><strong>Equipo<\/strong><br \/>\nEl Grupo eTeacher no se responsabiliza por el equipo de los alumnos (ej. ordenador, m\u00f3dem y parlantes). En otras palabras, los alumnos son los \u00fanicos responsables por las condiciones de los equipos personales y por el mantenimiento t\u00e9cnico de los mismos.<\/p>\n<p><strong>Responsabilidad<\/strong><br \/>\nEl Grupo eTeacher declara por este medio que la responsabilidad de la empresa por cualquier reclamo de un alumno se limita a la suma pagada por el o los cursos. Adem\u00e1s, el Grupo eTeacher no se responsabiliza legalmente por ning\u00fan da\u00f1o indirecto.<\/p>\n","protected":false},"excerpt":{"rendered":"<p>TERMINOS Y CONDICIONES &#8211; eTeacher Reembolso por cancelaci\u00f3n Los estudiantes que previamente terminan su participaci\u00f3n en un curso, tienen derecho a un reembolso parcial sobre la tarifa total del curso seg\u00fan las siguientes condiciones: Dentro de las primeras 24 horas desde su inscripci\u00f3n recibir\u00e1n un reembolso total. Despu\u00e9s de las 24 horas y hasta los [&hellip;]<\/p>\n","protected":false},"author":20,"featured_media":0,"parent":821,"menu_order":0,"comment_status":"closed","ping_status":"closed","template":"","meta":{"_acf_changed":false,"inline_featured_image":false,"footnotes":""},"class_list":["post-923","page","type-page","status-publish","hentry"],"acf":[],"_links":{"self":[{"href":"https:\/\/legal.eteachergroup.com\/es\/wp-json\/wp\/v2\/pages\/923","targetHints":{"allow":["GET"]}}],"collection":[{"href":"https:\/\/legal.eteachergroup.com\/es\/wp-json\/wp\/v2\/pages"}],"about":[{"href":"https:\/\/legal.eteachergroup.com\/es\/wp-json\/wp\/v2\/types\/page"}],"author":[{"embeddable":true,"href":"https:\/\/legal.eteachergroup.com\/es\/wp-json\/wp\/v2\/users\/20"}],"replies":[{"embeddable":true,"href":"https:\/\/legal.eteachergroup.com\/es\/wp-json\/wp\/v2\/comments?post=923"}],"version-history":[{"count":0,"href":"https:\/\/legal.eteachergroup.com\/es\/wp-json\/wp\/v2\/pages\/923\/revisions"}],"up":[{"embeddable":true,"href":"https:\/\/legal.eteachergroup.com\/es\/wp-json\/wp\/v2\/pages\/821"}],"wp:attachment":[{"href":"https:\/\/legal.eteachergroup.com\/es\/wp-json\/wp\/v2\/media?parent=923"}],"curies":[{"name":"wp","href":"https:\/\/api.w.org\/{rel}","templated":true}]}}