{"id":875,"date":"2018-06-13T09:18:58","date_gmt":"2018-06-13T09:18:58","guid":{"rendered":"https:\/\/eteacherlegal.wpengine.com\/legal\/terms\/course\/"},"modified":"2021-04-08T21:23:12","modified_gmt":"2021-04-08T21:23:12","slug":"course","status":"publish","type":"page","link":"https:\/\/legal.eteachergroup.com\/es\/legal\/terms\/course\/","title":{"rendered":"T\u00e9rminos y condiciones &#8211; eTeacher"},"content":{"rendered":"<h1>T\u00e9rminos y condiciones &#8211; eTeacher<\/h1>\n<h2>Reembolso por cancelaci\u00f3n<\/h2>\n<p>\u00a1Queremos que se sienta satisfecho! Si tiene alg\u00fan problema con su curso, por favor contacte con nuestro equipo de atenci\u00f3n al cliente y br\u00edndenos la oportunidad de hacer las cosas bien.<\/p>\n<p>En caso de que haya decidido cancelar su participaci\u00f3n, tenga en cuenta que las aulas virtuales, como cualquier otra aula, tienen una capacidad limitada. La demanda de nuestras clases es alta y la cancelaci\u00f3n tard\u00eda impide que otros estudiantes obtengan una oportunidad en el pr\u00f3ximo semestre.<\/p>\n<p>Los estudiantes que deseen cancelar su participaci\u00f3n tienen derecho a un reembolso parcial como se ve a continuaci\u00f3n:<\/p>\n<ul>\n<li><strong>100% Reembolso (0% del contrato debe ser pago)<\/strong>: Hasta 7 d\u00edas a partir de la fecha de su inscripci\u00f3n, a menos que su curso ya haya comenzado.<\/li>\n<\/ul>\n<ul>\n<li><strong>75% Reembolso (25% del contrato debe ser pago)<\/strong>: Si cancela antes de su primera lecci\u00f3n programada.<\/li>\n<li><strong>25% Reembolso (75% del contrato debe ser pago)<\/strong>: Hasta 30 d\u00edas despu\u00e9s de su primera lecci\u00f3n programada.<\/li>\n<li><strong>0% Reembolso (100% del contrato debe ser pago)<\/strong>: Despu\u00e9s de haber pasado 30 d\u00edas de su primera lecci\u00f3n programada.<\/li>\n<\/ul>\n<p>Los reembolsos mencionados son los \u00fanicos que se har\u00e1n a quienes cancelen su participaci\u00f3n en un curso. En el caso de que eTeacher decida cancelar un curso (tal decisi\u00f3n queda totalmente a criterio de la administraci\u00f3n), los pagos de los alumnos ser\u00e1n reembolsados en su totalidad.<\/p>\n<p><strong>Reprogramaci\u00f3n y admisi\u00f3n a clases individuales<\/strong><br \/>\nSi desea re programar una clase individual, comun\u00edquese con su profesor o con el servicio de atenci\u00f3n al cliente de eTeacher (<a href=\"mailto:service@eteachergroup.com\">service@eteachergroup.com<\/a>) por lo menos 12 horas antes de la clase programada. Las clases canceladas sin previa notificaci\u00f3n, ser\u00e1n descontadas del n\u00famero total de horas que le corresponden al alumno.<br \/>\nLos paquetes de clases individuales tienen vigencia hasta un a\u00f1o a partir de la primera clase tomada por el alumno.<\/p>\n<h2>Cursos con puntaje de la Universidad Hebrea<\/h2>\n<p><strong>Puntaje acad\u00e9mico<\/strong><br \/>\nLa nota m\u00ednima para obtener puntaje de la Universidad Hebrea es:<\/p>\n<table border=\"0\" cellspacing=\"0\" cellpadding=\"0\">\n<tbody>\n<tr>\n<td>Hebreo B\u00edblico<\/td>\n<td>\u00a0&#8211; 60<\/td>\n<\/tr>\n<tr>\n<td>Arameo<\/td>\n<td>\u00a0&#8211; 60<\/td>\n<\/tr>\n<tr>\n<td>Hebreo para adultos<\/td>\n<td>\u00a0&#8211; 65<\/td>\n<\/tr>\n<tr>\n<td>Y\u00eddish<\/td>\n<td>\u00a0&#8211; 65<\/td>\n<\/tr>\n<tr>\n<td>Griego Biblico<\/td>\n<td>\u00a0&#8211; 60<\/td>\n<\/tr>\n<\/tbody>\n<\/table>\n<p>Al final del semestre, la universidad transfiere el puntaje obtenido a los alumnos graduados y les env\u00eda una copia con las notas del curso.<\/p>\n<p><strong>Requisitos para cursos acad\u00e9micos<\/strong><br \/>\nSeg\u00fan las normas acad\u00e9micas generales de la Universidad Hebrea, los programas con puntaje requieren asistencia obligatoria, entrega de trabajos y ex\u00e1menes. Tambi\u00e9n se requiere que los alumnos utilicen una c\u00e1mara web durante las clases.<\/p>\n<h2>General<\/h2>\n<p><strong>Equipo<\/strong><br \/>\nEl Grupo eTeacher no se responsabiliza por el equipo de los alumnos (ej. ordenador, m\u00f3dem y parlantes). En otras palabras, los alumnos son los \u00fanicos responsables por las condiciones de los equipos personales y por el mantenimiento t\u00e9cnico de los mismos.<\/p>\n<p><strong>Responsabilidad<\/strong><br \/>\nEl Grupo eTeacher declara por este medio que la responsabilidad de la empresa por cualquier reclamo de un alumno se limita a la suma pagada por el o los cursos. Adem\u00e1s, el Grupo eTeacher no se responsabiliza legalmente por ning\u00fan da\u00f1o indirecto.<\/p>\n","protected":false},"excerpt":{"rendered":"<p>T\u00e9rminos y condiciones &#8211; eTeacher Reembolso por cancelaci\u00f3n \u00a1Queremos que se sienta satisfecho! Si tiene alg\u00fan problema con su curso, por favor contacte con nuestro equipo de atenci\u00f3n al cliente y br\u00edndenos la oportunidad de hacer las cosas bien. En caso de que haya decidido cancelar su participaci\u00f3n, tenga en cuenta que las aulas virtuales, [&hellip;]<\/p>\n","protected":false},"author":20,"featured_media":0,"parent":821,"menu_order":0,"comment_status":"closed","ping_status":"closed","template":"","meta":{"_acf_changed":false,"inline_featured_image":false,"footnotes":""},"class_list":["post-875","page","type-page","status-publish","hentry"],"acf":[],"_links":{"self":[{"href":"https:\/\/legal.eteachergroup.com\/es\/wp-json\/wp\/v2\/pages\/875","targetHints":{"allow":["GET"]}}],"collection":[{"href":"https:\/\/legal.eteachergroup.com\/es\/wp-json\/wp\/v2\/pages"}],"about":[{"href":"https:\/\/legal.eteachergroup.com\/es\/wp-json\/wp\/v2\/types\/page"}],"author":[{"embeddable":true,"href":"https:\/\/legal.eteachergroup.com\/es\/wp-json\/wp\/v2\/users\/20"}],"replies":[{"embeddable":true,"href":"https:\/\/legal.eteachergroup.com\/es\/wp-json\/wp\/v2\/comments?post=875"}],"version-history":[{"count":0,"href":"https:\/\/legal.eteachergroup.com\/es\/wp-json\/wp\/v2\/pages\/875\/revisions"}],"up":[{"embeddable":true,"href":"https:\/\/legal.eteachergroup.com\/es\/wp-json\/wp\/v2\/pages\/821"}],"wp:attachment":[{"href":"https:\/\/legal.eteachergroup.com\/es\/wp-json\/wp\/v2\/media?parent=875"}],"curies":[{"name":"wp","href":"https:\/\/api.w.org\/{rel}","templated":true}]}}