{"id":904,"date":"2018-06-13T09:19:30","date_gmt":"2018-06-13T09:19:30","guid":{"rendered":"https:\/\/eteacherlegal.wpengine.com\/legal\/terms\/course-pl\/"},"modified":"2022-04-20T10:00:41","modified_gmt":"2022-04-20T10:00:41","slug":"course-pl","status":"publish","type":"page","link":"https:\/\/legal.eteachergroup.com\/de\/legal\/terms\/course-pl\/","title":{"rendered":"Allgemeine Gesch\u00e4ftsbedingungen &#8211; eTeacher Widerrufsbelehrung"},"content":{"rendered":"<h1>Allgemeine Gesch\u00e4ftsbedingungen &#8211; eTeacher Widerrufsbelehrung<\/h1>\n<h2>R\u00fcckerstattung bei K\u00fcndigung<\/h2>\n<p><strong>Stornierung<\/strong><\/p>\n<p>Wir m\u00f6chten, dass Sie mit unserem Service zufrieden sind! Wenn bei Ihrem Kurs Probleme auftreten, wenden Sie sich bitte an unser Kundenservice-Team und geben Sie uns die Chance, die Dinge wieder in Ordnung zu bringen.<\/p>\n<p>Wenn Sie Ihre Kursanmeldung stornieren m\u00f6chten, haben Sie gem\u00e4\u00df folgenden Bedingungen Anspruch auf eine teilweise R\u00fcckerstattung:<\/p>\n<ul>\n<li><strong>100 % R\u00fcckerstattung (0 % der Kursgeb\u00fchr f\u00e4llig):<\/strong> vollst\u00e4ndige R\u00fcckerstattung bei Stornierung bis zu 7 Tage ab Anmeldungsdatum, sofern noch keine Kursstunde stattgefunden hat.<\/li>\n<li><strong>90 % R\u00fcckerstattung (10 % der Kursgeb\u00fchr f\u00e4llig):<\/strong> Stornierung bis zu 7 Tage ab Anmeldedatum und vor der ersten geplanten Kursstunde.<\/li>\n<li><strong>Teilweise R\u00fcckerstattung (anteilige Kursgeb\u00fchr f\u00e4llig)<\/strong>:\n<ul>\n<li>Bei einer K\u00fcndigung nach der 1. Unterrichtsstunde bis zu 3 Monate nach der Registrierung errechnet sich der Betrag aus dem Anteil der genutzten Stunden des Pakets plus 15\u00a0% der gesamten Kursgeb\u00fchr.<\/li>\n<li>Bei einer K\u00fcndigung nach 3 Monaten und bis zu 6 Monate nach der Registrierung errechnet sich der Betrag aus dem Anteil der genutzten Stunden des Pakets plus 20\u00a0% der gesamten Kursgeb\u00fchr.<\/li>\n<\/ul>\n<\/li>\n<li><strong>Keine R\u00fcckerstattung (100 % Kursgeb\u00fchr f\u00e4llig):<\/strong> Bei Stornierung sp\u00e4ter als 6 Monate nach Anmeldedatum erfolgt keine R\u00fcckerstattung.<\/li>\n<\/ul>\n<p>Die oben genannten R\u00fcckerstattungen sind die einzig g\u00fcltigen f\u00fcr Kursteilnehmer, die ihre Kursanmeldung stornieren.<\/p>\n<p><strong>Umplanung und Zug\u00e4nglichkeit zu Privatunterricht<\/strong><br \/>\nWenn Sie eine Privatstunde umplanen m\u00f6chten, informieren Sie bitte Ihren Instruktor oder eTeacher Kundendienst (<a href=\"mailto:service@eteachergroup.com\">service@eteachergroup.com<\/a>) mindestens 12 Stunden vor der geplanten Sitzung. Ohne vorherige Benachrichtigung \u00fcber die Streichung der Lektion wird von der Gesamtzahl der Stunden abgezogen, die der Studierende berechtigt ist. Der Privatunterricht Paket ist f\u00fcr bis zu einem Jahr ab dem Tag der Anmeldung g\u00fcltig.<\/p>\n<table style=\"width: 231px; border-style: solid; border-width: 1px;\" border=\"0\" width=\"231\">\n<tbody>\n<tr style=\"border-style: solid; border-width: 1px;\">\n<th style=\"width: 231px; height: 21px; text-align: center; border-style: solid; border-width: 1px;\" colspan=\"2\" nowrap=\"nowrap\">Ablaufsdatum des PL-Pakets<\/th>\n<\/tr>\n<tr style=\"border-style: solid; border-width: 1px;\">\n<td style=\"width: 141px; height: 40px; text-align: center; border-style: solid; border-width: 1px;\">Gr\u00f6\u00dfe des gekauften Pakets<\/td>\n<td style=\"width: 89px; height: 40px; text-align: center; border-style: solid; border-width: 1px;\">Nutzungsdauer<\/td>\n<\/tr>\n<tr style=\"border-style: solid; border-width: 1px;\">\n<td style=\"width: 141px; height: 19px; text-align: center; border-style: solid; border-width: 1px;\" nowrap=\"nowrap\">0-11<\/td>\n<td style=\"width: 89px; height: 19px; text-align: center; border-style: solid; border-width: 1px;\" nowrap=\"nowrap\">6 Monate<\/td>\n<\/tr>\n<tr style=\"border-style: solid; border-width: 1px;\">\n<td style=\"width: 141px; height: 19px; text-align: center; border-style: solid; border-width: 1px;\" nowrap=\"nowrap\">0-50<\/td>\n<td style=\"width: 89px; height: 19px; text-align: center; border-style: solid; border-width: 1px;\" nowrap=\"nowrap\">12 Monate<\/td>\n<\/tr>\n<tr style=\"border-style: solid; border-width: 1px;\">\n<td style=\"width: 141px; height: 19px; text-align: center; border-style: solid; border-width: 1px;\" nowrap=\"nowrap\">51-100<\/td>\n<td style=\"width: 89px; height: 19px; text-align: center; border-style: solid; border-width: 1px;\" nowrap=\"nowrap\">18 Monate<\/td>\n<\/tr>\n<tr style=\"border-style: solid; border-width: 1px;\">\n<td style=\"width: 141px; height: 19px; text-align: center; border-style: solid; border-width: 1px;\" nowrap=\"nowrap\">101+<\/td>\n<td style=\"width: 89px; height: 19px; text-align: center; border-style: solid; border-width: 1px;\" nowrap=\"nowrap\">24 Monate<\/td>\n<\/tr>\n<\/tbody>\n<\/table>\n<h2>Allgemeine<\/h2>\n<p><strong>Zubeh\u00f6r<\/strong><br \/>\nDie eTeacher-Gruppe \u00fcbernimmt keine Verantwortung f\u00fcr die Ger\u00e4te des Studenten (z. B. Computer, Modem und Lautsprecher). Mit anderen Worten, Sie sind ausschliesslich f\u00fcr den Zustand Ihrer pers\u00f6nlichen Ausr\u00fcstung und f\u00fcr die Durchf\u00fchrung der obligatorischen technischen Pr\u00fcfungen verantwortlich.<\/p>\n<p><strong>Haftung<\/strong><br \/>\nDie eTeacher-Gruppe erkl\u00e4rt hiermit, dass die Haftung des Unternehmens f\u00fcr den Anspruch eines Sch\u00fclers auf den Betrag beschr\u00e4nkt ist, den er f\u00fcr den \/ die Kurs (e) bezahlt hat. Dar\u00fcber hinaus soll die eTeacher Gruppe rechtlich nicht f\u00fcr irgendwelche und alle indirekten Sch\u00e4den zur Verantwortung gezogen werden.<\/p>\n","protected":false},"excerpt":{"rendered":"<p>Allgemeine Gesch\u00e4ftsbedingungen &#8211; eTeacher Widerrufsbelehrung R\u00fcckerstattung bei K\u00fcndigung Stornierung Wir m\u00f6chten, dass Sie mit unserem Service zufrieden sind! Wenn bei Ihrem Kurs Probleme auftreten, wenden Sie sich bitte an unser Kundenservice-Team und geben Sie uns die Chance, die Dinge wieder in Ordnung zu bringen. Wenn Sie Ihre Kursanmeldung stornieren m\u00f6chten, haben Sie gem\u00e4\u00df folgenden Bedingungen [&hellip;]<\/p>\n","protected":false},"author":20,"featured_media":0,"parent":817,"menu_order":0,"comment_status":"closed","ping_status":"closed","template":"","meta":{"_acf_changed":false,"inline_featured_image":false,"footnotes":""},"class_list":["post-904","page","type-page","status-publish","hentry"],"acf":[],"_links":{"self":[{"href":"https:\/\/legal.eteachergroup.com\/de\/wp-json\/wp\/v2\/pages\/904","targetHints":{"allow":["GET"]}}],"collection":[{"href":"https:\/\/legal.eteachergroup.com\/de\/wp-json\/wp\/v2\/pages"}],"about":[{"href":"https:\/\/legal.eteachergroup.com\/de\/wp-json\/wp\/v2\/types\/page"}],"author":[{"embeddable":true,"href":"https:\/\/legal.eteachergroup.com\/de\/wp-json\/wp\/v2\/users\/20"}],"replies":[{"embeddable":true,"href":"https:\/\/legal.eteachergroup.com\/de\/wp-json\/wp\/v2\/comments?post=904"}],"version-history":[{"count":0,"href":"https:\/\/legal.eteachergroup.com\/de\/wp-json\/wp\/v2\/pages\/904\/revisions"}],"up":[{"embeddable":true,"href":"https:\/\/legal.eteachergroup.com\/de\/wp-json\/wp\/v2\/pages\/817"}],"wp:attachment":[{"href":"https:\/\/legal.eteachergroup.com\/de\/wp-json\/wp\/v2\/media?parent=904"}],"curies":[{"name":"wp","href":"https:\/\/api.w.org\/{rel}","templated":true}]}}