{"id":871,"date":"2018-06-13T09:18:58","date_gmt":"2018-06-13T09:18:58","guid":{"rendered":"https:\/\/eteacherlegal.wpengine.com\/legal\/terms\/course\/"},"modified":"2020-02-24T12:29:51","modified_gmt":"2020-02-24T12:29:51","slug":"course","status":"publish","type":"page","link":"https:\/\/legal.eteachergroup.com\/de\/legal\/terms\/course\/","title":{"rendered":"Gesch\u00e4ftsbedingungen &#8211; eTeacher"},"content":{"rendered":"<h1>Gesch\u00e4ftsbedingungen &#8211; eTeacher<\/h1>\n<h2>R\u00fcckerstattung bei K\u00fcndigung<\/h2>\n<p>Wir m\u00f6chten, dass Sie zufrieden sind! Wenn Sie Probleme bez\u00fcglich Ihres Kurses haben, kontaktieren Sie bitte unseren Kundenservice und geben Sie uns die Chance, Probleme aus der Welt zu schaffen.<\/p>\n<p>Falls Sie sich entschieden haben, Ihre Teilnahme zu widerrufen, beachten Sie bitte, dass virtuelle Klassenzimmer genau wie alle anderen Klassenzimmer eine begrenzte Aufnahmef\u00e4higkeit haben. Die Nachfrage nach unseren Kursen ist hoch, und durch einen sp\u00e4ten Widerruf werden andere Sch\u00fcler daran gehindert, im bevorstehenden Semester einen Platz zu bekommen.<\/p>\n<p>Sch\u00fcler, die ihre Teilnahme widerrufen m\u00f6chten, haben wie folgt Anspruch auf eine teilweise R\u00fcckerstattung:<\/p>\n<ul>\n<li><strong>100 % R\u00fcckerstattung<\/strong> <strong>(0 % der Kursgeb\u00fchr f\u00e4llig): <\/strong>Widerruf bis zu 7 Tage ab Anmeldedatum, es sei denn, der Kurs hat bereits begonnen.<\/li>\n<li><strong>75 % R\u00fcckerstattung<\/strong> <strong>(25 % der Kursgeb\u00fchr f\u00e4llig):<\/strong> Widerruf vor Ihrer 1. planm\u00e4\u00dfigen Stunde.<\/li>\n<li><strong>25 % R\u00fcckerstattung<\/strong> <strong>(75 % der Kursgeb\u00fchr f\u00e4llig):<\/strong> Widerruf bis zu 30 Tage nach Ihrer 1. planm\u00e4\u00dfigen Stunde.<\/li>\n<li><strong>0 % R\u00fcckerstattung<\/strong> <strong>(100 % der Kursgeb\u00fchr f\u00e4llig):<\/strong> Widerruf 30 und mehr Tage nach Ihrer 1. planm\u00e4\u00dfigen Stunde.<\/li>\n<\/ul>\n<p>Die oben genannte R\u00fcckerstattung ist die einzige R\u00fcckerstattung, auf die bei Widerruf der Teilnahme an einem Kurs Anspruch besteht. Im Fall, dass eTeacher beschlie\u00dft, einen Kurs abzusagen (diese Entscheidung erfolgt g\u00e4nzlich nach Ermessen der Gesch\u00e4ftsf\u00fchrung), wird der gezahlte Betrag des angemeldeten Teilnehmers vollst\u00e4ndig zur\u00fcckerstattet.<\/p>\n<p><strong>Verlegung und Zug\u00e4nglichkeit von Privatstunden<\/strong><br \/>\nWWenn Sie eine Privatstunde verlegen m\u00f6chten, geben Sie Ihrem Lehrer oder der Kundendienstabteilung von eTeacher (<a href=\"mailto:service@eteachergroup.com\"> service@eteachergroup.com<\/a> ) bitte mindestens 12 Stunden vor der geplanten Stunde Bescheid. Werden Stunden ohne vorhergehende Information nicht wahrgenommen, so werden diese von der Gesamtanzahl der von diesem Sch\u00fcler gebuchten Stunden abgezogen.<\/p>\n<p>Das Privatstundenpaket gilt verbindlich f\u00fcr bis zu ein Jahr ab dem Tag der ersten, durch den Sch\u00fcler wahrgenommenen Stunde.<\/p>\n<h2>Von der hebr\u00e4ischen Universit\u00e4t anerkannte Kurse<\/h2>\n<p><strong>Universit\u00e4tsbescheinigung<\/strong><br \/>\nUm eine Universit\u00e4tsbescheinigung der hebr\u00e4ischen Universit\u00e4t zu erhalten, muss man eine Abschlussnote von mindestens:<\/p>\n<table border=\"0\" cellspacing=\"0\" cellpadding=\"0\">\n<tbody>\n<tr>\n<td>Biblisches Hebr\u00e4isch<\/td>\n<td>\u00a0&#8211; 60 erzielen<\/td>\n<\/tr>\n<tr>\n<td>Aram\u00e4isch<\/td>\n<td>\u00a0&#8211; 60 erzielen<\/td>\n<\/tr>\n<tr>\n<td>Modernes Hebr\u00e4isch<\/td>\n<td>\u00a0&#8211; 65<\/td>\n<\/tr>\n<tr>\n<td>Jiddisch<\/td>\n<td>\u00a0&#8211; 65 erzielen<\/td>\n<\/tr>\n<tr>\n<td>Biblisches Griechisch<\/td>\n<td>\u00a0&#8211; 60<\/td>\n<\/tr>\n<\/tbody>\n<\/table>\n<p>Am Ende des Semesters gibt die Universit\u00e4t die erzielten Noten an die Absolventen weiter und sendet ihnen eine Kopie der Notenwertung f\u00fcr den Kurs zu.<\/p>\n<p><strong>Anforderungen f\u00fcr Universit\u00e4tskurse<\/strong><\/p>\n<div>\n<p>Gem\u00e4\u00df den allgemeinem Hochschulstandards der hebr\u00e4ischen Universit\u00e4t sind f\u00fcr die amtlich zugelassenen Kurse eine Pflichtteilnahme, die Einreichung von Arbeitspapieren sowie Pr\u00fcfungen erforderlich. Au\u00dferdem m\u00fcssen die Sch\u00fcler w\u00e4hrend des Unterrichts per Webcam erreichbar sein.<\/p>\n<h2>Allgemeines<\/h2>\n<p><strong>Ausr\u00fcstung<\/strong><br \/>\nDer eTeacher-Konzern \u00fcbernimmt keinerlei Verantwortung f\u00fcr die Ausr\u00fcstung der Sch\u00fcler (z.B. Computer, Modem und Lautsprecher). Mit anderen Worten sind Sie allein f\u00fcr den Zustand Ihrer pers\u00f6nlichen Ausr\u00fcstung sowie f\u00fcr die Durchf\u00fchrung der obligatorischen technischen \u00dcberpr\u00fcfungen verantwortlich.<\/p>\n<p><strong>Haftung<\/strong><br \/>\nDer eTeacher-Konzern erkl\u00e4rt hiermit, dass die Haftung des Unternehmens f\u00fcr eventuelle Schadenersatzanspr\u00fcche sich auf h\u00f6chstens die Summe bel\u00e4uft, die der Sch\u00fcler f\u00fcr den Kurs\/die Kurse bezahlt hat. Weiterhin ist der eTeacher-Konzern rechtlich nicht f\u00fcr jedwede indirekte Sch\u00e4den zu belangen.<\/p>\n<\/div>\n","protected":false},"excerpt":{"rendered":"<p>Gesch\u00e4ftsbedingungen &#8211; eTeacher R\u00fcckerstattung bei K\u00fcndigung Wir m\u00f6chten, dass Sie zufrieden sind! Wenn Sie Probleme bez\u00fcglich Ihres Kurses haben, kontaktieren Sie bitte unseren Kundenservice und geben Sie uns die Chance, Probleme aus der Welt zu schaffen. Falls Sie sich entschieden haben, Ihre Teilnahme zu widerrufen, beachten Sie bitte, dass virtuelle Klassenzimmer genau wie alle anderen [&hellip;]<\/p>\n","protected":false},"author":20,"featured_media":0,"parent":817,"menu_order":0,"comment_status":"closed","ping_status":"closed","template":"","meta":{"_acf_changed":false,"inline_featured_image":false,"footnotes":""},"class_list":["post-871","page","type-page","status-publish","hentry"],"acf":[],"_links":{"self":[{"href":"https:\/\/legal.eteachergroup.com\/de\/wp-json\/wp\/v2\/pages\/871","targetHints":{"allow":["GET"]}}],"collection":[{"href":"https:\/\/legal.eteachergroup.com\/de\/wp-json\/wp\/v2\/pages"}],"about":[{"href":"https:\/\/legal.eteachergroup.com\/de\/wp-json\/wp\/v2\/types\/page"}],"author":[{"embeddable":true,"href":"https:\/\/legal.eteachergroup.com\/de\/wp-json\/wp\/v2\/users\/20"}],"replies":[{"embeddable":true,"href":"https:\/\/legal.eteachergroup.com\/de\/wp-json\/wp\/v2\/comments?post=871"}],"version-history":[{"count":0,"href":"https:\/\/legal.eteachergroup.com\/de\/wp-json\/wp\/v2\/pages\/871\/revisions"}],"up":[{"embeddable":true,"href":"https:\/\/legal.eteachergroup.com\/de\/wp-json\/wp\/v2\/pages\/817"}],"wp:attachment":[{"href":"https:\/\/legal.eteachergroup.com\/de\/wp-json\/wp\/v2\/media?parent=871"}],"curies":[{"name":"wp","href":"https:\/\/api.w.org\/{rel}","templated":true}]}}